{"id":107,"date":"2020-05-29T15:49:12","date_gmt":"2020-05-29T15:49:12","guid":{"rendered":"http:\/\/freundederkw.de\/?page_id=107"},"modified":"2025-05-12T15:24:00","modified_gmt":"2025-05-12T13:24:00","slug":"der-foerderpreis","status":"publish","type":"page","link":"https:\/\/freundederkw.de\/?page_id=107","title":{"rendered":"Auszeichnung f\u00fcr Abschlussarbeiten"},"content":{"rendered":"\n<p>Der Verein der Freunde und F\u00f6rderer der Kommunikationswissenschaft an der Universit\u00e4t Passau (FFKW) unterst\u00fctzt herausragende Forschungsanstrengungen am Fachbereich der Passauer Kommunikationswissenschaft.<\/p>\n\n\n\n<p>Ab 2020 wurde daf\u00fcr ein Preis f\u00fcr herausragende Leistungen in der Bachelorarbeit bzw. der Masterarbeit an den kommunikationswissenschaftlichen Lehrst\u00fchlen der Universit\u00e4t Passau verliehen. Nach einer F\u00f6rderpause im Jahr 2024 werden vom Jahr 2025 wieder wissenschaftliche F\u00f6rderpreise vergeben, wobei sich der Bewerbungsmodus ge\u00e4ndert hat.<\/p>\n\n\n\n<p>Vom Jahr 2025 an haben die f\u00fcnf Lehreinheiten der Kommunikationswissenschaft (Prof. Hahn, Prof. Hohlfeld, Prof. Knieper, Prof.in Schmid-Petri und Prof. T\u00f6pfl) jeweils das Recht, eine herausragende Bachelor- oder Masterarbeit aus den beiden zur\u00fcckliegenden Semestern f\u00fcr den FFKW-F\u00f6rderpreis vorzuschlagen. Alle eingereichten Vorschl\u00e4ge werden nach einer formalen Pr\u00fcfung (mindestens Note 1,3) ohne weitere Begutachtungsprozesse ausgezeichnet. Auf diese Weise k\u00f6nnen in einem Jahr also bis zu f\u00fcnf wissenschaftliche F\u00f6rderpreise verliehen werden.<\/p>\n\n\n\n<p>Im Jahr 2025 sind alle Bachelor- und Masterarbeiten vorschlagsberechtigt, die im Sommersemester 2024 oder im Wintersemester 2024\/25 ihre Note erhalten haben. Es z\u00e4hlt also der Zeitpunkt, an dem der Begutachtungsprozess abgeschlossen und die Note im Pr\u00fcfungssystem eingetragen wurde. <\/p>\n\n\n\n<p>Die Frist f\u00fcr Vorschl\u00e4ge f\u00fcr wissenschaftliche F\u00f6rderpreise durch die kommunikationswissenschaftlichen Lehrst\u00fchle ist in 2025 der 31. Mai. Verliehen werden die Preisurkunden regelm\u00e4\u00dfig im Rahmen des JoKo-Sommerfestes (geplant f\u00fcr den 25. Juli 2025).<\/p>\n\n\n\n<p><\/p>\n","protected":false},"excerpt":{"rendered":"<p>Der Verein der Freunde und F\u00f6rderer der Kommunikationswissenschaft an der Universit\u00e4t Passau (FFKW) unterst\u00fctzt herausragende Forschungsanstrengungen am Fachbereich der Passauer Kommunikationswissenschaft. Ab 2020 wurde daf\u00fcr ein Preis f\u00fcr herausragende Leistungen in der Bachelorarbeit bzw. der Masterarbeit an den kommunikationswissenschaftlichen Lehrst\u00fchlen der Universit\u00e4t Passau verliehen. Nach einer F\u00f6rderpause im Jahr 2024 werden vom Jahr 2025 wieder &hellip; <\/p>\n<p class=\"link-more\"><a href=\"https:\/\/freundederkw.de\/?page_id=107\" class=\"more-link\"><span class=\"screen-reader-text\">\u201eAuszeichnung f\u00fcr Abschlussarbeiten\u201c<\/span> weiterlesen<\/a><\/p>\n","protected":false},"author":1,"featured_media":0,"parent":325,"menu_order":1,"comment_status":"closed","ping_status":"closed","template":"","meta":{"footnotes":""},"class_list":["post-107","page","type-page","status-publish","hentry"],"_links":{"self":[{"href":"https:\/\/freundederkw.de\/index.php?rest_route=\/wp\/v2\/pages\/107","targetHints":{"allow":["GET"]}}],"collection":[{"href":"https:\/\/freundederkw.de\/index.php?rest_route=\/wp\/v2\/pages"}],"about":[{"href":"https:\/\/freundederkw.de\/index.php?rest_route=\/wp\/v2\/types\/page"}],"author":[{"embeddable":true,"href":"https:\/\/freundederkw.de\/index.php?rest_route=\/wp\/v2\/users\/1"}],"replies":[{"embeddable":true,"href":"https:\/\/freundederkw.de\/index.php?rest_route=%2Fwp%2Fv2%2Fcomments&post=107"}],"version-history":[{"count":29,"href":"https:\/\/freundederkw.de\/index.php?rest_route=\/wp\/v2\/pages\/107\/revisions"}],"predecessor-version":[{"id":530,"href":"https:\/\/freundederkw.de\/index.php?rest_route=\/wp\/v2\/pages\/107\/revisions\/530"}],"up":[{"embeddable":true,"href":"https:\/\/freundederkw.de\/index.php?rest_route=\/wp\/v2\/pages\/325"}],"wp:attachment":[{"href":"https:\/\/freundederkw.de\/index.php?rest_route=%2Fwp%2Fv2%2Fmedia&parent=107"}],"curies":[{"name":"wp","href":"https:\/\/api.w.org\/{rel}","templated":true}]}}