{"id":271,"date":"2021-10-28T17:50:06","date_gmt":"2021-10-28T15:50:06","guid":{"rendered":"https:\/\/freundederkw.de\/?page_id=271"},"modified":"2024-11-23T17:42:55","modified_gmt":"2024-11-23T15:42:55","slug":"foerderer-2","status":"publish","type":"page","link":"https:\/\/freundederkw.de\/?page_id=271","title":{"rendered":"F\u00f6rderer"},"content":{"rendered":"\n<p>Um unseren Vereinszielen gerecht werden zu k\u00f6nnen, sind wir auf unsere Mitglieder angewiesen \u2013 aber auch auf F\u00f6rderer, die uns ideell und finanziell unterst\u00fctzen. An dieser Stelle wollen wir all jenen Danke sagen, die uns \u00fcber die Jahre geholfen haben und dies auch weiter tun.<\/p>\n\n\n\n<p>Aus Transparenzgr\u00fcnden listen wir im Folgenden alle Spenden \u00fcber 100 \u20ac, die wir erhalten.<\/p>\n\n\n\n<figure class=\"wp-block-table is-style-stripes\"><table><thead><tr><th class=\"has-text-align-left\" data-align=\"left\">Jahr<\/th><th>Spender<\/th><th>Betrag<\/th><th>Art<\/th><\/tr><\/thead><tbody><tr><td class=\"has-text-align-left\" data-align=\"left\">2022<\/td><td>Thomas Eckl, Niederbayern TV<\/td><td>1.500\u20ac<\/td><td>Zweckungebundene Spende<\/td><\/tr><tr><td class=\"has-text-align-left\" data-align=\"left\">2021<\/td><td>Thomas Eckl, Niederbayern TV<\/td><td>1.500\u20ac<\/td><td>Zweckungebundene Spende<\/td><\/tr><tr><td class=\"has-text-align-left\" data-align=\"left\">2021<\/td><td>Thomas Eckl, Niederbayern TV<\/td><td>1.500\u20ac       <\/td><td>Zweckgebundene Spende f\u00fcr die Anschaffung von Mobile Reporting Sets<\/td><\/tr><tr><td class=\"has-text-align-left\" data-align=\"left\">2019<\/td><td>Ev. Akademie Siebenb\u00fcrgen<\/td><td>1.200\u20ac<\/td><td>Zweckgebundene Spende f\u00fcr Studierendenempf\u00e4nge und Absolventenverabschiedungen<\/td><\/tr><\/tbody><\/table><\/figure>\n\n\n\n<hr class=\"wp-block-separator has-alpha-channel-opacity\"\/>\n\n\n\n<figure class=\"wp-block-image size-large\"><img loading=\"lazy\" decoding=\"async\" width=\"1024\" height=\"328\" src=\"https:\/\/freundederkw.de\/wp-content\/uploads\/2021\/04\/Niederbayern-TV-e1619705211910-1024x328.png\" alt=\"Logo Niederbayern TV\" class=\"wp-image-198\" srcset=\"https:\/\/freundederkw.de\/wp-content\/uploads\/2021\/04\/Niederbayern-TV-e1619705211910-1024x328.png 1024w, https:\/\/freundederkw.de\/wp-content\/uploads\/2021\/04\/Niederbayern-TV-e1619705211910-300x96.png 300w, https:\/\/freundederkw.de\/wp-content\/uploads\/2021\/04\/Niederbayern-TV-e1619705211910-768x246.png 768w, https:\/\/freundederkw.de\/wp-content\/uploads\/2021\/04\/Niederbayern-TV-e1619705211910-1536x492.png 1536w, https:\/\/freundederkw.de\/wp-content\/uploads\/2021\/04\/Niederbayern-TV-e1619705211910-2048x655.png 2048w\" sizes=\"auto, (max-width: 767px) 89vw, (max-width: 1000px) 54vw, (max-width: 1071px) 543px, 580px\" \/><\/figure>\n\n\n\n<figure class=\"wp-block-image size-full\"><img loading=\"lazy\" decoding=\"async\" width=\"800\" height=\"178\" src=\"https:\/\/freundederkw.de\/wp-content\/uploads\/2021\/04\/Ev.-Akademie-Siebenbuergen.png\" alt=\"Logo Evangelische Akademie Siebenb\u00fcrgen\" class=\"wp-image-199\" srcset=\"https:\/\/freundederkw.de\/wp-content\/uploads\/2021\/04\/Ev.-Akademie-Siebenbuergen.png 800w, https:\/\/freundederkw.de\/wp-content\/uploads\/2021\/04\/Ev.-Akademie-Siebenbuergen-300x67.png 300w, https:\/\/freundederkw.de\/wp-content\/uploads\/2021\/04\/Ev.-Akademie-Siebenbuergen-768x171.png 768w\" sizes=\"auto, (max-width: 767px) 89vw, (max-width: 1000px) 54vw, (max-width: 1071px) 543px, 580px\" \/><\/figure>\n","protected":false},"excerpt":{"rendered":"<p>Um unseren Vereinszielen gerecht werden zu k\u00f6nnen, sind wir auf unsere Mitglieder angewiesen \u2013 aber auch auf F\u00f6rderer, die uns ideell und finanziell unterst\u00fctzen. An dieser Stelle wollen wir all jenen Danke sagen, die uns \u00fcber die Jahre geholfen haben und dies auch weiter tun. Aus Transparenzgr\u00fcnden listen wir im Folgenden alle Spenden \u00fcber 100 &hellip; <\/p>\n<p class=\"link-more\"><a href=\"https:\/\/freundederkw.de\/?page_id=271\" class=\"more-link\"><span class=\"screen-reader-text\">\u201eF\u00f6rderer\u201c<\/span> weiterlesen<\/a><\/p>\n","protected":false},"author":1,"featured_media":0,"parent":0,"menu_order":0,"comment_status":"closed","ping_status":"closed","template":"","meta":{"footnotes":""},"class_list":["post-271","page","type-page","status-publish","hentry"],"_links":{"self":[{"href":"https:\/\/freundederkw.de\/index.php?rest_route=\/wp\/v2\/pages\/271","targetHints":{"allow":["GET"]}}],"collection":[{"href":"https:\/\/freundederkw.de\/index.php?rest_route=\/wp\/v2\/pages"}],"about":[{"href":"https:\/\/freundederkw.de\/index.php?rest_route=\/wp\/v2\/types\/page"}],"author":[{"embeddable":true,"href":"https:\/\/freundederkw.de\/index.php?rest_route=\/wp\/v2\/users\/1"}],"replies":[{"embeddable":true,"href":"https:\/\/freundederkw.de\/index.php?rest_route=%2Fwp%2Fv2%2Fcomments&post=271"}],"version-history":[{"count":5,"href":"https:\/\/freundederkw.de\/index.php?rest_route=\/wp\/v2\/pages\/271\/revisions"}],"predecessor-version":[{"id":523,"href":"https:\/\/freundederkw.de\/index.php?rest_route=\/wp\/v2\/pages\/271\/revisions\/523"}],"wp:attachment":[{"href":"https:\/\/freundederkw.de\/index.php?rest_route=%2Fwp%2Fv2%2Fmedia&parent=271"}],"curies":[{"name":"wp","href":"https:\/\/api.w.org\/{rel}","templated":true}]}}