{"id":316,"date":"2022-05-12T17:20:28","date_gmt":"2022-05-12T15:20:28","guid":{"rendered":"https:\/\/freundederkw.de\/?page_id=316"},"modified":"2025-05-12T15:13:28","modified_gmt":"2025-05-12T13:13:28","slug":"auszeichnung-von-journalismus-und-pr-praxisprojekten","status":"publish","type":"page","link":"https:\/\/freundederkw.de\/?page_id=316","title":{"rendered":"Auszeichnung f\u00fcr Journalismus- und PR-Praxisprojekte"},"content":{"rendered":"\n<p>Der Verein der Freunde und F\u00f6rderer der Kommunikationswissenschaft an der Universit\u00e4t<br>Passau (FFKW) schreibt im Jahr 2025 vier Preise f\u00fcr herausragende Praxisprojekte an der<br>Universit\u00e4t Passau in den Bereichen Journalismus und PR (zwei Preise pro Bereich) aus.<\/p>\n\n\n\n<p>Die Auszeichnung stellt einen erheblichen Mehrwert f\u00fcr Bewerbungen und Lebenslauf dar, da sie als Referenz f\u00fcr den Erfolg der im Studium erbrachten Praxisleistung steht. Au\u00dferdem winkt ein Preisgeld in H\u00f6he von je 100 Euro. Teilnehmen k\u00f6nnen alle Studierenden, die im Sommersemester 2024 oder im Wintersemester 2024\/25 im Rahmen einer Lehrveranstaltung des JoKo-Hauptfachs ein Journalismus- oder PR-Praxisprojekt umgesetzt haben und die ihre Note bereits erhalten haben. Das Projekt muss mit 1,3 oder besser bewertet worden sein.<\/p>\n\n\n\n<p>Eine Mitgliedschaft im Verein der Freunde und F\u00f6rderer der Kommunikationswissenschaft an der Universit\u00e4t Passau wird nicht vorausgesetzt. Zum Ende des Sommersemesters 2025 werden die Preistr\u00e4ger:innen ernannt und die Urkunde sowie das Preisgeld \u00fcberreicht, aller Voraussicht nach im Rahmen des JoKo-Sommerfestes (geplant f\u00fcr Freitag, den 25. Juli).<\/p>\n\n\n\n<p><strong>Einsendeschluss f\u00fcr 2025 ist der 08.06.2025<\/strong><\/p>\n\n\n\n<p><strong>Einreichung<\/strong><\/p>\n\n\n\n<p>Die Bewerbung besteht aus einem Motivationsschreiben (3000-4000 Zeichen) der Bewerber:innen, der Projektumsetzung (gerne auch mit Links oder PDFs zum finalen Produkt) und einem Nachweis der Benotung. In dem Motivationsschreiben wird das Projekt kurz zusammengefasst und argumentiert, warum die Einreichung den Preis erhalten sollte. Auch Gruppenprojekte d\u00fcrfen gerne eingereicht werden.<\/p>\n\n\n\n<p>Die Unterlagen sind in einer PDF-Datei per E-Mail einzureichen an:<\/p>\n\n\n\n<p><a href=\"mailto:mail@freundederkw.de\">mail@freundederkw.de<\/a><\/p>\n\n\n\n<div class=\"wp-block-buttons is-layout-flex wp-block-buttons-is-layout-flex\">\n<div class=\"wp-block-button\"><a class=\"wp-block-button__link wp-element-button\" href=\"https:\/\/freundederkw.de\/wp-content\/uploads\/2025\/05\/FFKW-Foerderpreis-Praxis-2025.docx.pdf\" target=\"_blank\" rel=\"noreferrer noopener\">Ausschreibung ansehen<\/a><\/div>\n<\/div>\n\n\n\n<p><\/p>\n","protected":false},"excerpt":{"rendered":"<p>Der Verein der Freunde und F\u00f6rderer der Kommunikationswissenschaft an der Universit\u00e4tPassau (FFKW) schreibt im Jahr 2025 vier Preise f\u00fcr herausragende Praxisprojekte an derUniversit\u00e4t Passau in den Bereichen Journalismus und PR (zwei Preise pro Bereich) aus. Die Auszeichnung stellt einen erheblichen Mehrwert f\u00fcr Bewerbungen und Lebenslauf dar, da sie als Referenz f\u00fcr den Erfolg der im &hellip; <\/p>\n<p class=\"link-more\"><a href=\"https:\/\/freundederkw.de\/?page_id=316\" class=\"more-link\"><span class=\"screen-reader-text\">\u201eAuszeichnung f\u00fcr Journalismus- und PR-Praxisprojekte\u201c<\/span> weiterlesen<\/a><\/p>\n","protected":false},"author":1,"featured_media":0,"parent":325,"menu_order":2,"comment_status":"closed","ping_status":"closed","template":"","meta":{"footnotes":""},"class_list":["post-316","page","type-page","status-publish","hentry"],"_links":{"self":[{"href":"https:\/\/freundederkw.de\/index.php?rest_route=\/wp\/v2\/pages\/316","targetHints":{"allow":["GET"]}}],"collection":[{"href":"https:\/\/freundederkw.de\/index.php?rest_route=\/wp\/v2\/pages"}],"about":[{"href":"https:\/\/freundederkw.de\/index.php?rest_route=\/wp\/v2\/types\/page"}],"author":[{"embeddable":true,"href":"https:\/\/freundederkw.de\/index.php?rest_route=\/wp\/v2\/users\/1"}],"replies":[{"embeddable":true,"href":"https:\/\/freundederkw.de\/index.php?rest_route=%2Fwp%2Fv2%2Fcomments&post=316"}],"version-history":[{"count":16,"href":"https:\/\/freundederkw.de\/index.php?rest_route=\/wp\/v2\/pages\/316\/revisions"}],"predecessor-version":[{"id":528,"href":"https:\/\/freundederkw.de\/index.php?rest_route=\/wp\/v2\/pages\/316\/revisions\/528"}],"up":[{"embeddable":true,"href":"https:\/\/freundederkw.de\/index.php?rest_route=\/wp\/v2\/pages\/325"}],"wp:attachment":[{"href":"https:\/\/freundederkw.de\/index.php?rest_route=%2Fwp%2Fv2%2Fmedia&parent=316"}],"curies":[{"name":"wp","href":"https:\/\/api.w.org\/{rel}","templated":true}]}}