{"id":427,"date":"2023-04-03T17:11:32","date_gmt":"2023-04-03T15:11:32","guid":{"rendered":"https:\/\/freundederkw.de\/?page_id=427"},"modified":"2026-01-08T14:21:51","modified_gmt":"2026-01-08T12:21:51","slug":"foerderung-beantragen","status":"publish","type":"page","link":"https:\/\/freundederkw.de\/?page_id=427","title":{"rendered":"F\u00f6rderung beantragen"},"content":{"rendered":"\n<p>Der Verein der Freunde und F\u00f6rderer der Kommunikationswissenschaft an der Universit\u00e4t Passau e.V. unterst\u00fctzt die <strong>Forschung und Lehre&nbsp;der Kommunikationswissenschaft in Passau<\/strong>, zum Beispiel durch die Bezuschussung von studentischen Projekten im Rahmen von Lehrveranstaltungen oder universit\u00e4tsnahem Engagement oder von modernen und innovativen Lehrmitteln in den eng mit der KW verbundenen Studieng\u00e4ngen. Im Jahr 2025 kann pro Projekt eine maximale Bezuschussung in H\u00f6he von 150\u202fEuro gew\u00e4hrt werden.<\/p>\n\n\n\n<p>Sie haben ein Projekt, das den Vereinszielen entspricht und das Sie f\u00f6rdern lassen m\u00f6chten? Nutzen Sie daf\u00fcr einfach unsere Vorlage!<\/p>\n\n\n\n<div data-wp-interactive=\"core\/file\" class=\"wp-block-file\"><object data-wp-bind--hidden=\"!state.hasPdfPreview\" hidden class=\"wp-block-file__embed\" data=\"https:\/\/freundederkw.de\/wp-content\/uploads\/2026\/01\/FFKW-Passau_Foerderantrag_2026.pdf\" type=\"application\/pdf\" style=\"width:100%;height:600px\" aria-label=\"Einbettung von FFKW-Passau_Foerderantrag_2026.\"><\/object><a id=\"wp-block-file--media-f406005a-1695-4d59-93f4-bd829a1b2289\" href=\"https:\/\/freundederkw.de\/wp-content\/uploads\/2026\/01\/FFKW-Passau_Foerderantrag_2026.pdf\">FFKW-Passau_Foerderantrag_2026<\/a><a href=\"https:\/\/freundederkw.de\/wp-content\/uploads\/2026\/01\/FFKW-Passau_Foerderantrag_2026.pdf\" class=\"wp-block-file__button wp-element-button\" download aria-describedby=\"wp-block-file--media-f406005a-1695-4d59-93f4-bd829a1b2289\">Herunterladen<\/a><\/div>\n\n\n\n<p><\/p>\n","protected":false},"excerpt":{"rendered":"<p>Der Verein der Freunde und F\u00f6rderer der Kommunikationswissenschaft an der Universit\u00e4t Passau e.V. unterst\u00fctzt die Forschung und Lehre&nbsp;der Kommunikationswissenschaft in Passau, zum Beispiel durch die Bezuschussung von studentischen Projekten im Rahmen von Lehrveranstaltungen oder universit\u00e4tsnahem Engagement oder von modernen und innovativen Lehrmitteln in den eng mit der KW verbundenen Studieng\u00e4ngen. Im Jahr 2025 kann pro &hellip; <\/p>\n<p class=\"link-more\"><a href=\"https:\/\/freundederkw.de\/?page_id=427\" class=\"more-link\"><span class=\"screen-reader-text\">\u201eF\u00f6rderung beantragen\u201c<\/span> weiterlesen<\/a><\/p>\n","protected":false},"author":1,"featured_media":0,"parent":0,"menu_order":0,"comment_status":"closed","ping_status":"closed","template":"","meta":{"footnotes":""},"class_list":["post-427","page","type-page","status-publish","hentry"],"_links":{"self":[{"href":"https:\/\/freundederkw.de\/index.php?rest_route=\/wp\/v2\/pages\/427","targetHints":{"allow":["GET"]}}],"collection":[{"href":"https:\/\/freundederkw.de\/index.php?rest_route=\/wp\/v2\/pages"}],"about":[{"href":"https:\/\/freundederkw.de\/index.php?rest_route=\/wp\/v2\/types\/page"}],"author":[{"embeddable":true,"href":"https:\/\/freundederkw.de\/index.php?rest_route=\/wp\/v2\/users\/1"}],"replies":[{"embeddable":true,"href":"https:\/\/freundederkw.de\/index.php?rest_route=%2Fwp%2Fv2%2Fcomments&post=427"}],"version-history":[{"count":8,"href":"https:\/\/freundederkw.de\/index.php?rest_route=\/wp\/v2\/pages\/427\/revisions"}],"predecessor-version":[{"id":595,"href":"https:\/\/freundederkw.de\/index.php?rest_route=\/wp\/v2\/pages\/427\/revisions\/595"}],"wp:attachment":[{"href":"https:\/\/freundederkw.de\/index.php?rest_route=%2Fwp%2Fv2%2Fmedia&parent=427"}],"curies":[{"name":"wp","href":"https:\/\/api.w.org\/{rel}","templated":true}]}}